{"id":61,"date":"2019-11-30T19:22:43","date_gmt":"2019-11-30T23:22:43","guid":{"rendered":"https:\/\/tiendapr.com\/?post_type=product&#038;p=61"},"modified":"2023-07-02T15:17:19","modified_gmt":"2023-07-02T19:17:19","slug":"platinum","status":"publish","type":"product","link":"https:\/\/tiendapr.com\/es\/producto\/platinum","title":{"rendered":"Platino"},"content":{"rendered":"<p><b class=\"delivery\">15 D\u00edas para entrega<\/b><\/p>\n<p><b class=\"revisions\">4 Revisiones<\/b><\/p>\n<ul class=\"features\">\n<li class=\"feature included\">12 P\u00e1ginas<\/li>\n<li class=\"feature included\">Contenido Personalizado<\/li>\n<li class=\"feature included\">Cargar Contenido<\/li>\n<li class=\"feature included\">Dise\u00f1o Web Adaptivo<\/li>\n<li class=\"feature included\">8 Plugins\/Extensions<\/li>\n<li class=\"feature included\">Funcionalidad de E-Commerce<\/li>\n<li class=\"feature included\">10 Productos<\/li>\n<\/ul>","protected":false},"excerpt":{"rendered":"<p>Website the E-Commerce con hasta 10 p\u00e1ginas, Dise\u00f1o Adaptivo, P\u00e1gina R\u00e1pida, y SEO B\u00e1sico.<\/p>","protected":false},"featured_media":1848,"comment_status":"open","ping_status":"closed","template":"","meta":{"site-sidebar-layout":"default","site-content-layout":"default","ast-site-content-layout":"default","site-content-style":"default","site-sidebar-style":"default","ast-global-header-display":"","ast-banner-title-visibility":"","ast-main-header-display":"","ast-hfb-above-header-display":"","ast-hfb-below-header-display":"","ast-hfb-mobile-header-display":"","site-post-title":"","ast-breadcrumbs-content":"","ast-featured-img":"","footer-sml-layout":"","ast-disable-related-posts":"","theme-transparent-header-meta":"default","adv-header-id-meta":"","stick-header-meta":"","header-above-stick-meta":"","header-main-stick-meta":"","header-below-stick-meta":"","astra-migrate-meta-layouts":"default","ast-page-background-enabled":"default","ast-page-background-meta":{"desktop":{"background-color":"","background-image":"","background-repeat":"repeat","background-position":"center center","background-size":"auto","background-attachment":"scroll","background-type":"","background-media":"","overlay-type":"","overlay-color":"","overlay-opacity":"","overlay-gradient":""},"tablet":{"background-color":"","background-image":"","background-repeat":"repeat","background-position":"center center","background-size":"auto","background-attachment":"scroll","background-type":"","background-media":"","overlay-type":"","overlay-color":"","overlay-opacity":"","overlay-gradient":""},"mobile":{"background-color":"","background-image":"","background-repeat":"repeat","background-position":"center center","background-size":"auto","background-attachment":"scroll","background-type":"","background-media":"","overlay-type":"","overlay-color":"","overlay-opacity":"","overlay-gradient":""}},"ast-content-background-meta":{"desktop":{"background-color":"var(--ast-global-color-5)","background-image":"","background-repeat":"repeat","background-position":"center center","background-size":"auto","background-attachment":"scroll","background-type":"","background-media":"","overlay-type":"","overlay-color":"","overlay-opacity":"","overlay-gradient":""},"tablet":{"background-color":"var(--ast-global-color-5)","background-image":"","background-repeat":"repeat","background-position":"center center","background-size":"auto","background-attachment":"scroll","background-type":"","background-media":"","overlay-type":"","overlay-color":"","overlay-opacity":"","overlay-gradient":""},"mobile":{"background-color":"var(--ast-global-color-5)","background-image":"","background-repeat":"repeat","background-position":"center center","background-size":"auto","background-attachment":"scroll","background-type":"","background-media":"","overlay-type":"","overlay-color":"","overlay-opacity":"","overlay-gradient":""}}},"product_brand":[],"product_cat":[18],"product_tag":[],"class_list":{"0":"post-61","1":"product","2":"type-product","3":"status-publish","4":"has-post-thumbnail","6":"product_cat-responsive-website","7":"desktop-align-left","8":"tablet-align-left","9":"mobile-align-left","11":"first","12":"instock","13":"sold-individually","14":"purchasable","15":"product-type-simple"},"yoast_head":"<!-- This site is optimized with the Yoast SEO plugin v27.3 - https:\/\/yoast.com\/product\/yoast-seo-wordpress\/ -->\n<title>Platinum - TiendaPR<\/title>\n<meta name=\"robots\" content=\"index, follow, max-snippet:-1, max-image-preview:large, max-video-preview:-1\" \/>\n<link rel=\"canonical\" href=\"https:\/\/tiendapr.com\/es\/producto\/platinum\/\" \/>\n<meta property=\"og:locale\" content=\"es_ES\" \/>\n<meta property=\"og:type\" content=\"article\" \/>\n<meta property=\"og:title\" content=\"Platinum - TiendaPR\" \/>\n<meta property=\"og:description\" content=\"E-Commerce Website up to 10 pages included Responsive Design, Fast Speed, Basic SEO.\" \/>\n<meta property=\"og:url\" content=\"https:\/\/tiendapr.com\/es\/producto\/platinum\/\" \/>\n<meta property=\"og:site_name\" content=\"TiendaPR\" \/>\n<meta property=\"article:publisher\" content=\"https:\/\/facebook.com\/tiendapr1\/\" \/>\n<meta property=\"article:modified_time\" content=\"2023-07-02T19:17:19+00:00\" \/>\n<meta property=\"og:image\" content=\"https:\/\/tiendapr.com\/wp-content\/uploads\/2020\/03\/platinum-tiendapr-icon.png\" \/>\n\t<meta property=\"og:image:width\" content=\"1024\" \/>\n\t<meta property=\"og:image:height\" content=\"1024\" \/>\n\t<meta property=\"og:image:type\" content=\"image\/png\" \/>\n<meta name=\"twitter:card\" content=\"summary_large_image\" \/>\n<meta name=\"twitter:label1\" content=\"Tiempo de lectura\" \/>\n\t<meta name=\"twitter:data1\" content=\"1 minuto\" \/>\n<script type=\"application\/ld+json\" class=\"yoast-schema-graph\">{\"@context\":\"https:\\\/\\\/schema.org\",\"@graph\":[{\"@type\":\"WebPage\",\"@id\":\"https:\\\/\\\/tiendapr.com\\\/product\\\/platinum\",\"url\":\"https:\\\/\\\/tiendapr.com\\\/product\\\/platinum\",\"name\":\"Platinum - TiendaPR\",\"isPartOf\":{\"@id\":\"https:\\\/\\\/tiendapr.com\\\/es\\\/#website\"},\"primaryImageOfPage\":{\"@id\":\"https:\\\/\\\/tiendapr.com\\\/product\\\/platinum#primaryimage\"},\"image\":{\"@id\":\"https:\\\/\\\/tiendapr.com\\\/product\\\/platinum#primaryimage\"},\"thumbnailUrl\":\"https:\\\/\\\/tiendapr.com\\\/wp-content\\\/uploads\\\/2020\\\/03\\\/platinum-tiendapr-icon.png\",\"datePublished\":\"2019-11-30T23:22:43+00:00\",\"dateModified\":\"2023-07-02T19:17:19+00:00\",\"breadcrumb\":{\"@id\":\"https:\\\/\\\/tiendapr.com\\\/product\\\/platinum#breadcrumb\"},\"inLanguage\":\"es\",\"potentialAction\":[{\"@type\":\"ReadAction\",\"target\":[\"https:\\\/\\\/tiendapr.com\\\/product\\\/platinum\"]}]},{\"@type\":\"ImageObject\",\"inLanguage\":\"es\",\"@id\":\"https:\\\/\\\/tiendapr.com\\\/product\\\/platinum#primaryimage\",\"url\":\"https:\\\/\\\/tiendapr.com\\\/wp-content\\\/uploads\\\/2020\\\/03\\\/platinum-tiendapr-icon.png\",\"contentUrl\":\"https:\\\/\\\/tiendapr.com\\\/wp-content\\\/uploads\\\/2020\\\/03\\\/platinum-tiendapr-icon.png\",\"width\":1024,\"height\":1024},{\"@type\":\"BreadcrumbList\",\"@id\":\"https:\\\/\\\/tiendapr.com\\\/product\\\/platinum#breadcrumb\",\"itemListElement\":[{\"@type\":\"ListItem\",\"position\":1,\"name\":\"Home\",\"item\":\"https:\\\/\\\/tiendapr.com\\\/\"},{\"@type\":\"ListItem\",\"position\":2,\"name\":\"Shop\",\"item\":\"https:\\\/\\\/tiendapr.com\\\/es\\\/shop\"},{\"@type\":\"ListItem\",\"position\":3,\"name\":\"Platinum\"}]},{\"@type\":\"WebSite\",\"@id\":\"https:\\\/\\\/tiendapr.com\\\/es\\\/#website\",\"url\":\"https:\\\/\\\/tiendapr.com\\\/es\\\/\",\"name\":\"TiendaPR\",\"description\":\"\",\"publisher\":{\"@id\":\"https:\\\/\\\/tiendapr.com\\\/es\\\/#organization\"},\"potentialAction\":[{\"@type\":\"SearchAction\",\"target\":{\"@type\":\"EntryPoint\",\"urlTemplate\":\"https:\\\/\\\/tiendapr.com\\\/es\\\/?s={search_term_string}\"},\"query-input\":{\"@type\":\"PropertyValueSpecification\",\"valueRequired\":true,\"valueName\":\"search_term_string\"}}],\"inLanguage\":\"es\"},{\"@type\":\"Organization\",\"@id\":\"https:\\\/\\\/tiendapr.com\\\/es\\\/#organization\",\"name\":\"TiendaPR\",\"url\":\"https:\\\/\\\/tiendapr.com\\\/es\\\/\",\"logo\":{\"@type\":\"ImageObject\",\"inLanguage\":\"es\",\"@id\":\"https:\\\/\\\/tiendapr.com\\\/es\\\/#\\\/schema\\\/logo\\\/image\\\/\",\"url\":\"https:\\\/\\\/tiendapr.com\\\/wp-content\\\/uploads\\\/2020\\\/07\\\/logo.png\",\"contentUrl\":\"https:\\\/\\\/tiendapr.com\\\/wp-content\\\/uploads\\\/2020\\\/07\\\/logo.png\",\"width\":720,\"height\":177,\"caption\":\"TiendaPR\"},\"image\":{\"@id\":\"https:\\\/\\\/tiendapr.com\\\/es\\\/#\\\/schema\\\/logo\\\/image\\\/\"},\"sameAs\":[\"https:\\\/\\\/facebook.com\\\/tiendapr1\\\/\"]}]}<\/script>\n<!-- \/ Yoast SEO plugin. -->","yoast_head_json":{"title":"Platinum - TiendaPR","robots":{"index":"index","follow":"follow","max-snippet":"max-snippet:-1","max-image-preview":"max-image-preview:large","max-video-preview":"max-video-preview:-1"},"canonical":"https:\/\/tiendapr.com\/es\/producto\/platinum\/","og_locale":"es_ES","og_type":"article","og_title":"Platinum - TiendaPR","og_description":"E-Commerce Website up to 10 pages included Responsive Design, Fast Speed, Basic SEO.","og_url":"https:\/\/tiendapr.com\/es\/producto\/platinum\/","og_site_name":"TiendaPR","article_publisher":"https:\/\/facebook.com\/tiendapr1\/","article_modified_time":"2023-07-02T19:17:19+00:00","og_image":[{"width":1024,"height":1024,"url":"https:\/\/tiendapr.com\/wp-content\/uploads\/2020\/03\/platinum-tiendapr-icon.png","type":"image\/png"}],"twitter_card":"summary_large_image","twitter_misc":{"Tiempo de lectura":"1 minuto"},"schema":{"@context":"https:\/\/schema.org","@graph":[{"@type":"WebPage","@id":"https:\/\/tiendapr.com\/product\/platinum","url":"https:\/\/tiendapr.com\/product\/platinum","name":"Platinum - TiendaPR","isPartOf":{"@id":"https:\/\/tiendapr.com\/es\/#website"},"primaryImageOfPage":{"@id":"https:\/\/tiendapr.com\/product\/platinum#primaryimage"},"image":{"@id":"https:\/\/tiendapr.com\/product\/platinum#primaryimage"},"thumbnailUrl":"https:\/\/tiendapr.com\/wp-content\/uploads\/2020\/03\/platinum-tiendapr-icon.png","datePublished":"2019-11-30T23:22:43+00:00","dateModified":"2023-07-02T19:17:19+00:00","breadcrumb":{"@id":"https:\/\/tiendapr.com\/product\/platinum#breadcrumb"},"inLanguage":"es","potentialAction":[{"@type":"ReadAction","target":["https:\/\/tiendapr.com\/product\/platinum"]}]},{"@type":"ImageObject","inLanguage":"es","@id":"https:\/\/tiendapr.com\/product\/platinum#primaryimage","url":"https:\/\/tiendapr.com\/wp-content\/uploads\/2020\/03\/platinum-tiendapr-icon.png","contentUrl":"https:\/\/tiendapr.com\/wp-content\/uploads\/2020\/03\/platinum-tiendapr-icon.png","width":1024,"height":1024},{"@type":"BreadcrumbList","@id":"https:\/\/tiendapr.com\/product\/platinum#breadcrumb","itemListElement":[{"@type":"ListItem","position":1,"name":"Home","item":"https:\/\/tiendapr.com\/"},{"@type":"ListItem","position":2,"name":"Shop","item":"https:\/\/tiendapr.com\/es\/shop"},{"@type":"ListItem","position":3,"name":"Platinum"}]},{"@type":"WebSite","@id":"https:\/\/tiendapr.com\/es\/#website","url":"https:\/\/tiendapr.com\/es\/","name":"TiendaPR","description":"","publisher":{"@id":"https:\/\/tiendapr.com\/es\/#organization"},"potentialAction":[{"@type":"SearchAction","target":{"@type":"EntryPoint","urlTemplate":"https:\/\/tiendapr.com\/es\/?s={search_term_string}"},"query-input":{"@type":"PropertyValueSpecification","valueRequired":true,"valueName":"search_term_string"}}],"inLanguage":"es"},{"@type":"Organization","@id":"https:\/\/tiendapr.com\/es\/#organization","name":"TiendaPR","url":"https:\/\/tiendapr.com\/es\/","logo":{"@type":"ImageObject","inLanguage":"es","@id":"https:\/\/tiendapr.com\/es\/#\/schema\/logo\/image\/","url":"https:\/\/tiendapr.com\/wp-content\/uploads\/2020\/07\/logo.png","contentUrl":"https:\/\/tiendapr.com\/wp-content\/uploads\/2020\/07\/logo.png","width":720,"height":177,"caption":"TiendaPR"},"image":{"@id":"https:\/\/tiendapr.com\/es\/#\/schema\/logo\/image\/"},"sameAs":["https:\/\/facebook.com\/tiendapr1\/"]}]}},"_links":{"self":[{"href":"https:\/\/tiendapr.com\/es\/wp-json\/wp\/v2\/product\/61","targetHints":{"allow":["GET"]}}],"collection":[{"href":"https:\/\/tiendapr.com\/es\/wp-json\/wp\/v2\/product"}],"about":[{"href":"https:\/\/tiendapr.com\/es\/wp-json\/wp\/v2\/types\/product"}],"replies":[{"embeddable":true,"href":"https:\/\/tiendapr.com\/es\/wp-json\/wp\/v2\/comments?post=61"}],"wp:featuredmedia":[{"embeddable":true,"href":"https:\/\/tiendapr.com\/es\/wp-json\/wp\/v2\/media\/1848"}],"wp:attachment":[{"href":"https:\/\/tiendapr.com\/es\/wp-json\/wp\/v2\/media?parent=61"}],"wp:term":[{"taxonomy":"product_brand","embeddable":true,"href":"https:\/\/tiendapr.com\/es\/wp-json\/wp\/v2\/product_brand?post=61"},{"taxonomy":"product_cat","embeddable":true,"href":"https:\/\/tiendapr.com\/es\/wp-json\/wp\/v2\/product_cat?post=61"},{"taxonomy":"product_tag","embeddable":true,"href":"https:\/\/tiendapr.com\/es\/wp-json\/wp\/v2\/product_tag?post=61"}],"curies":[{"name":"wp","href":"https:\/\/api.w.org\/{rel}","templated":true}]}}